{"id":628,"date":"2022-01-13T03:05:55","date_gmt":"2022-01-13T08:05:55","guid":{"rendered":"https:\/\/pentagon.ca\/imprimerie-pentagon\/"},"modified":"2023-07-14T11:01:38","modified_gmt":"2023-07-14T15:01:38","slug":"imprimerie-pentagon","status":"publish","type":"page","link":"https:\/\/pentagon.ca\/fr\/","title":{"rendered":"Imprimerie Pentagon"},"content":{"rendered":"\t\t<div data-elementor-type=\"wp-page\" data-elementor-id=\"628\" class=\"elementor elementor-628 elementor-2\" data-elementor-post-type=\"page\">\n\t\t\t\t\t\t<section class=\"elementor-section elementor-top-section elementor-element elementor-element-99f3357 elementor-section-full_width elementor-section-height-default elementor-section-height-default\" data-id=\"99f3357\" data-element_type=\"section\" data-settings=\"{&quot;background_background&quot;:&quot;gradient&quot;}\">\n\t\t\t\t\t\t<div class=\"elementor-container elementor-column-gap-default\">\n\t\t\t\t\t<div class=\"elementor-column elementor-col-50 elementor-top-column elementor-element elementor-element-c92e297\" data-id=\"c92e297\" data-element_type=\"column\">\n\t\t\t<div class=\"elementor-widget-wrap elementor-element-populated\">\n\t\t\t\t\t\t<div class=\"elementor-element elementor-element-218d5f0 e-transform elementor-invisible elementor-widget elementor-widget-image\" data-id=\"218d5f0\" data-element_type=\"widget\" data-settings=\"{&quot;motion_fx_motion_fx_scrolling&quot;:&quot;yes&quot;,&quot;motion_fx_rotateZ_effect&quot;:&quot;yes&quot;,&quot;motion_fx_rotateZ_speed&quot;:{&quot;unit&quot;:&quot;px&quot;,&quot;size&quot;:6.7,&quot;sizes&quot;:[]},&quot;_animation&quot;:&quot;zoomInLeft&quot;,&quot;_transform_rotateZ_effect&quot;:{&quot;unit&quot;:&quot;px&quot;,&quot;size&quot;:-50,&quot;sizes&quot;:[]},&quot;motion_fx_rotateZ_direction&quot;:&quot;negative&quot;,&quot;motion_fx_range&quot;:&quot;page&quot;,&quot;motion_fx_rotateZ_affectedRange&quot;:{&quot;unit&quot;:&quot;%&quot;,&quot;size&quot;:&quot;&quot;,&quot;sizes&quot;:{&quot;start&quot;:0,&quot;end&quot;:100}},&quot;motion_fx_devices&quot;:[&quot;desktop&quot;,&quot;tablet&quot;,&quot;mobile&quot;],&quot;_transform_rotateZ_effect_tablet&quot;:{&quot;unit&quot;:&quot;deg&quot;,&quot;size&quot;:&quot;&quot;,&quot;sizes&quot;:[]},&quot;_transform_rotateZ_effect_mobile&quot;:{&quot;unit&quot;:&quot;deg&quot;,&quot;size&quot;:&quot;&quot;,&quot;sizes&quot;:[]}}\" data-widget_type=\"image.default\">\n\t\t\t\t<div class=\"elementor-widget-container\">\n\t\t\t\t\t\t\t\t\t\t\t\t\t\t\t<img decoding=\"async\" src=\"https:\/\/pentagon.ca\/wp-content\/uploads\/elementor\/thumbs\/SAQ-Loyalty-Card-front-pqseuzjct2m8xsnyvt6zhz2qh8ohmgnz4i3vpp10qg.png\" title=\"SAQ Inspire loyalty gift card\" alt=\"SAQ Inspire loyalty gift card\" loading=\"lazy\" \/>\t\t\t\t\t\t\t\t\t\t\t\t\t\t\t<\/div>\n\t\t\t\t<\/div>\n\t\t\t\t\t<\/div>\n\t\t<\/div>\n\t\t\t\t<div class=\"elementor-column elementor-col-50 elementor-top-column elementor-element elementor-element-7a8b150\" data-id=\"7a8b150\" data-element_type=\"column\">\n\t\t\t<div class=\"elementor-widget-wrap elementor-element-populated\">\n\t\t\t\t\t\t<div class=\"elementor-element elementor-element-3407836 elementor-widget elementor-widget-heading\" data-id=\"3407836\" data-element_type=\"widget\" data-widget_type=\"heading.default\">\n\t\t\t\t<div class=\"elementor-widget-container\">\n\t\t\t\t\t<h1 class=\"elementor-heading-title elementor-size-default\">Votre source \u00e9cologiques de produits cartes-cadeaux et de fid\u00e9lisation de haute qualit\u00e9.<\/h1>\t\t\t\t<\/div>\n\t\t\t\t<\/div>\n\t\t\t\t<div class=\"elementor-element elementor-element-93f8f0b elementor-align-right elementor-mobile-align-center elementor-invisible elementor-widget elementor-widget-button\" data-id=\"93f8f0b\" data-element_type=\"widget\" data-settings=\"{&quot;_animation&quot;:&quot;bounceInUp&quot;,&quot;_animation_delay&quot;:1000}\" data-widget_type=\"button.default\">\n\t\t\t\t<div class=\"elementor-widget-container\">\n\t\t\t\t\t\t\t\t\t<div class=\"elementor-button-wrapper\">\n\t\t\t\t\t<a class=\"elementor-button elementor-button-link elementor-size-md\" href=\"https:\/\/pentagon.ca\/fr\/contact\/\">\n\t\t\t\t\t\t<span class=\"elementor-button-content-wrapper\">\n\t\t\t\t\t\t\t\t\t<span class=\"elementor-button-text\">OBTENIR UNE SOUMISSION<\/span>\n\t\t\t\t\t<\/span>\n\t\t\t\t\t<\/a>\n\t\t\t\t<\/div>\n\t\t\t\t\t\t\t\t<\/div>\n\t\t\t\t<\/div>\n\t\t\t\t\t<\/div>\n\t\t<\/div>\n\t\t\t\t\t<\/div>\n\t\t<\/section>\n\t\t\t\t<section class=\"elementor-section elementor-top-section elementor-element elementor-element-2eb2816 elementor-section-full_width elementor-section-height-default elementor-section-height-default\" data-id=\"2eb2816\" data-element_type=\"section\" data-settings=\"{&quot;background_background&quot;:&quot;classic&quot;}\">\n\t\t\t\t\t\t<div class=\"elementor-container elementor-column-gap-default\">\n\t\t\t\t\t<div class=\"elementor-column elementor-col-100 elementor-top-column elementor-element elementor-element-ede39c4\" data-id=\"ede39c4\" data-element_type=\"column\">\n\t\t\t<div class=\"elementor-widget-wrap elementor-element-populated\">\n\t\t\t\t\t\t<div class=\"elementor-element elementor-element-55024b1 elementor-cta--skin-cover elementor-cta--valign-middle animated-slow elementor-animated-content elementor-invisible elementor-widget elementor-widget-call-to-action\" data-id=\"55024b1\" data-element_type=\"widget\" data-settings=\"{&quot;_animation&quot;:&quot;fadeIn&quot;}\" data-widget_type=\"call-to-action.default\">\n\t\t\t\t<div class=\"elementor-widget-container\">\n\t\t\t\t\t\t\t<a class=\"elementor-cta\" href=\"https:\/\/pentagon.ca\/fr\/impression-ecologique\/\">\n\t\t\t\t\t<div class=\"elementor-cta__bg-wrapper\">\n\t\t\t\t<div class=\"elementor-cta__bg elementor-bg\" style=\"background-image: url();\" role=\"img\" aria-label=\"\"><\/div>\n\t\t\t\t<div class=\"elementor-cta__bg-overlay\"><\/div>\n\t\t\t<\/div>\n\t\t\t\t\t\t\t<div class=\"elementor-cta__content\">\n\t\t\t\t\n\t\t\t\t\t\t\t\t\t<h2 class=\"elementor-cta__title elementor-cta__content-item elementor-content-item elementor-animated-item--grow\">\n\t\t\t\t\t\tD\u00e9couvrez comment Pentagon peut vous aider \u00e0 passer \u00e0 des cartes recyclables et durables \u00e0 base de papier !\t\t\t\t\t<\/h2>\n\t\t\t\t\n\t\t\t\t\n\t\t\t\t\t\t\t<\/div>\n\t\t\t\t\t\t<\/a>\n\t\t\t\t\t\t<\/div>\n\t\t\t\t<\/div>\n\t\t\t\t\t<\/div>\n\t\t<\/div>\n\t\t\t\t\t<\/div>\n\t\t<\/section>\n\t\t\t\t<section class=\"elementor-section elementor-top-section elementor-element elementor-element-8baafe2 elementor-section-full_width elementor-section-height-default elementor-section-height-default\" data-id=\"8baafe2\" data-element_type=\"section\">\n\t\t\t\t\t\t<div class=\"elementor-container elementor-column-gap-default\">\n\t\t\t\t\t<div class=\"elementor-column elementor-col-100 elementor-top-column elementor-element elementor-element-20b8cea\" data-id=\"20b8cea\" data-element_type=\"column\">\n\t\t\t<div class=\"elementor-widget-wrap elementor-element-populated\">\n\t\t\t\t\t\t<div class=\"elementor-element elementor-element-0015d3c elementor-widget__width-initial elementor-widget-mobile__width-inherit elementor-widget-tablet__width-initial elementor-position-top elementor-invisible elementor-widget elementor-widget-image-box\" data-id=\"0015d3c\" data-element_type=\"widget\" data-settings=\"{&quot;_animation&quot;:&quot;slideInLeft&quot;,&quot;_animation_mobile&quot;:&quot;slideInLeft&quot;}\" data-widget_type=\"image-box.default\">\n\t\t\t\t<div class=\"elementor-widget-container\">\n\t\t\t\t\t<div class=\"elementor-image-box-wrapper\"><figure class=\"elementor-image-box-img\"><a href=\"https:\/\/pentagon.ca\/fr\/galerie-de-photos-des-produits\/\" tabindex=\"-1\"><img fetchpriority=\"high\" decoding=\"async\" width=\"600\" height=\"400\" src=\"https:\/\/pentagon.ca\/wp-content\/uploads\/2022\/05\/Retouches-Pentagon-May-2022-1-2.jpg\" class=\"attachment-full size-full wp-image-716\" alt=\"Ardene Gift Card\" srcset=\"https:\/\/pentagon.ca\/wp-content\/uploads\/2022\/05\/Retouches-Pentagon-May-2022-1-2.jpg 600w, https:\/\/pentagon.ca\/wp-content\/uploads\/2022\/05\/Retouches-Pentagon-May-2022-1-2-300x200.jpg 300w\" sizes=\"(max-width: 600px) 100vw, 600px\" \/><\/a><\/figure><div class=\"elementor-image-box-content\"><h3 class=\"elementor-image-box-title\"><a href=\"https:\/\/pentagon.ca\/fr\/galerie-de-photos-des-produits\/\">Cartes-cadeaux<\/a><\/h3><\/div><\/div>\t\t\t\t<\/div>\n\t\t\t\t<\/div>\n\t\t\t\t<div class=\"elementor-element elementor-element-69d22b8 elementor-widget__width-initial elementor-widget-mobile__width-inherit elementor-widget-tablet__width-initial elementor-position-top elementor-invisible elementor-widget elementor-widget-image-box\" data-id=\"69d22b8\" data-element_type=\"widget\" data-settings=\"{&quot;_animation&quot;:&quot;fadeInUp&quot;,&quot;_animation_mobile&quot;:&quot;slideInRight&quot;}\" data-widget_type=\"image-box.default\">\n\t\t\t\t<div class=\"elementor-widget-container\">\n\t\t\t\t\t<div class=\"elementor-image-box-wrapper\"><figure class=\"elementor-image-box-img\"><a href=\"https:\/\/pentagon.ca\/fr\/galerie-de-photos-des-produits\/\" tabindex=\"-1\"><img decoding=\"async\" width=\"600\" height=\"400\" src=\"https:\/\/pentagon.ca\/wp-content\/uploads\/2022\/02\/Loyalty-Card.jpg\" class=\"attachment-full size-full wp-image-69\" alt=\"Moroccan Oil Loyalty Card\" srcset=\"https:\/\/pentagon.ca\/wp-content\/uploads\/2022\/02\/Loyalty-Card.jpg 600w, https:\/\/pentagon.ca\/wp-content\/uploads\/2022\/02\/Loyalty-Card-300x200.jpg 300w\" sizes=\"(max-width: 600px) 100vw, 600px\" \/><\/a><\/figure><div class=\"elementor-image-box-content\"><h3 class=\"elementor-image-box-title\"><a href=\"https:\/\/pentagon.ca\/fr\/galerie-de-photos-des-produits\/\">Cartes de fid\u00e9lit\u00e9<\/a><\/h3><\/div><\/div>\t\t\t\t<\/div>\n\t\t\t\t<\/div>\n\t\t\t\t<div class=\"elementor-element elementor-element-563d390 elementor-widget__width-initial elementor-widget-mobile__width-inherit elementor-widget-tablet__width-initial elementor-position-top elementor-invisible elementor-widget elementor-widget-image-box\" data-id=\"563d390\" data-element_type=\"widget\" data-settings=\"{&quot;_animation&quot;:&quot;slideInRight&quot;,&quot;_animation_mobile&quot;:&quot;slideInRight&quot;}\" data-widget_type=\"image-box.default\">\n\t\t\t\t<div class=\"elementor-widget-container\">\n\t\t\t\t\t<div class=\"elementor-image-box-wrapper\"><figure class=\"elementor-image-box-img\"><a href=\"https:\/\/pentagon.ca\/fr\/galerie-de-photos-des-produits\/\" tabindex=\"-1\"><img decoding=\"async\" width=\"600\" height=\"400\" src=\"https:\/\/pentagon.ca\/wp-content\/uploads\/2022\/02\/Davids-tea-key-tag.jpg\" class=\"attachment-full size-full wp-image-218\" alt=\"\" srcset=\"https:\/\/pentagon.ca\/wp-content\/uploads\/2022\/02\/Davids-tea-key-tag.jpg 600w, https:\/\/pentagon.ca\/wp-content\/uploads\/2022\/02\/Davids-tea-key-tag-300x200.jpg 300w\" sizes=\"(max-width: 600px) 100vw, 600px\" \/><\/a><\/figure><div class=\"elementor-image-box-content\"><h3 class=\"elementor-image-box-title\"><a href=\"https:\/\/pentagon.ca\/fr\/galerie-de-photos-des-produits\/\">Cartes de membre, badges et porte-cl\u00e9s<\/a><\/h3><\/div><\/div>\t\t\t\t<\/div>\n\t\t\t\t<\/div>\n\t\t\t\t<div class=\"elementor-element elementor-element-faf7211 elementor-widget__width-initial elementor-widget-mobile__width-inherit elementor-widget-tablet__width-initial elementor-position-top elementor-invisible elementor-widget elementor-widget-image-box\" data-id=\"faf7211\" data-element_type=\"widget\" data-settings=\"{&quot;_animation&quot;:&quot;slideInLeft&quot;,&quot;_animation_mobile&quot;:&quot;slideInLeft&quot;}\" data-widget_type=\"image-box.default\">\n\t\t\t\t<div class=\"elementor-widget-container\">\n\t\t\t\t\t<div class=\"elementor-image-box-wrapper\"><figure class=\"elementor-image-box-img\"><a href=\"https:\/\/pentagon.ca\/fr\/galerie-de-photos-des-produits\/\" tabindex=\"-1\"><img loading=\"lazy\" decoding=\"async\" width=\"600\" height=\"400\" src=\"https:\/\/pentagon.ca\/wp-content\/uploads\/2022\/05\/Retouches-Pentagon-May-2022-1-7.jpg\" class=\"attachment-full size-full wp-image-718\" alt=\"Card holder for Milestones\" srcset=\"https:\/\/pentagon.ca\/wp-content\/uploads\/2022\/05\/Retouches-Pentagon-May-2022-1-7.jpg 600w, https:\/\/pentagon.ca\/wp-content\/uploads\/2022\/05\/Retouches-Pentagon-May-2022-1-7-300x200.jpg 300w\" sizes=\"(max-width: 600px) 100vw, 600px\" \/><\/a><\/figure><div class=\"elementor-image-box-content\"><h3 class=\"elementor-image-box-title\"><a href=\"https:\/\/pentagon.ca\/fr\/galerie-de-photos-des-produits\/\">Porte-cartes<\/a><\/h3><\/div><\/div>\t\t\t\t<\/div>\n\t\t\t\t<\/div>\n\t\t\t\t<div class=\"elementor-element elementor-element-1332dd5 elementor-widget__width-initial elementor-widget-mobile__width-inherit elementor-widget-tablet__width-initial elementor-position-top elementor-invisible elementor-widget elementor-widget-image-box\" data-id=\"1332dd5\" data-element_type=\"widget\" data-settings=\"{&quot;_animation&quot;:&quot;fadeInUp&quot;,&quot;_animation_mobile&quot;:&quot;slideInRight&quot;}\" data-widget_type=\"image-box.default\">\n\t\t\t\t<div class=\"elementor-widget-container\">\n\t\t\t\t\t<div class=\"elementor-image-box-wrapper\"><figure class=\"elementor-image-box-img\"><a href=\"https:\/\/pentagon.ca\/fr\/galerie-de-photos-des-produits\/\" tabindex=\"-1\"><img loading=\"lazy\" decoding=\"async\" width=\"600\" height=\"400\" src=\"https:\/\/pentagon.ca\/wp-content\/uploads\/2022\/05\/CardPrintsBFDec14-65.jpg\" class=\"attachment-full size-full wp-image-720\" alt=\"\" srcset=\"https:\/\/pentagon.ca\/wp-content\/uploads\/2022\/05\/CardPrintsBFDec14-65.jpg 600w, https:\/\/pentagon.ca\/wp-content\/uploads\/2022\/05\/CardPrintsBFDec14-65-300x200.jpg 300w\" sizes=\"(max-width: 600px) 100vw, 600px\" \/><\/a><\/figure><div class=\"elementor-image-box-content\"><h3 class=\"elementor-image-box-title\"><a href=\"https:\/\/pentagon.ca\/fr\/galerie-de-photos-des-produits\/\">Autre - Papier<\/a><\/h3><\/div><\/div>\t\t\t\t<\/div>\n\t\t\t\t<\/div>\n\t\t\t\t<div class=\"elementor-element elementor-element-05166f6 elementor-widget__width-initial elementor-widget-mobile__width-inherit elementor-widget-tablet__width-initial elementor-position-top elementor-invisible elementor-widget elementor-widget-image-box\" data-id=\"05166f6\" data-element_type=\"widget\" data-settings=\"{&quot;_animation&quot;:&quot;slideInRight&quot;,&quot;_animation_mobile&quot;:&quot;slideInRight&quot;}\" data-widget_type=\"image-box.default\">\n\t\t\t\t<div class=\"elementor-widget-container\">\n\t\t\t\t\t<div class=\"elementor-image-box-wrapper\"><figure class=\"elementor-image-box-img\"><a href=\"https:\/\/pentagon.ca\/fr\/galerie-de-photos-des-produits\/\" tabindex=\"-1\"><img loading=\"lazy\" decoding=\"async\" width=\"600\" height=\"400\" src=\"https:\/\/pentagon.ca\/wp-content\/uploads\/2022\/05\/Pentagon-May-2022-batch-for-selections-47.jpg\" class=\"attachment-full size-full wp-image-722\" alt=\"\" srcset=\"https:\/\/pentagon.ca\/wp-content\/uploads\/2022\/05\/Pentagon-May-2022-batch-for-selections-47.jpg 600w, https:\/\/pentagon.ca\/wp-content\/uploads\/2022\/05\/Pentagon-May-2022-batch-for-selections-47-300x200.jpg 300w\" sizes=\"(max-width: 600px) 100vw, 600px\" \/><\/a><\/figure><div class=\"elementor-image-box-content\"><h3 class=\"elementor-image-box-title\"><a href=\"https:\/\/pentagon.ca\/fr\/galerie-de-photos-des-produits\/\">Autre - Plastique<\/a><\/h3><\/div><\/div>\t\t\t\t<\/div>\n\t\t\t\t<\/div>\n\t\t\t\t\t<\/div>\n\t\t<\/div>\n\t\t\t\t\t<\/div>\n\t\t<\/section>\n\t\t\t\t<section class=\"elementor-section elementor-top-section elementor-element elementor-element-dec7710 elementor-section-boxed elementor-section-height-default elementor-section-height-default\" data-id=\"dec7710\" data-element_type=\"section\">\n\t\t\t\t\t\t<div class=\"elementor-container elementor-column-gap-default\">\n\t\t\t\t\t<div class=\"elementor-column elementor-col-100 elementor-top-column elementor-element elementor-element-a820290\" data-id=\"a820290\" data-element_type=\"column\">\n\t\t\t<div class=\"elementor-widget-wrap elementor-element-populated\">\n\t\t\t\t\t\t<div class=\"elementor-element elementor-element-6817001 elementor-widget elementor-widget-text-editor\" data-id=\"6817001\" data-element_type=\"widget\" data-widget_type=\"text-editor.default\">\n\t\t\t\t<div class=\"elementor-widget-container\">\n\t\t\t\t\t\t\t\t\t<p><a href=\"https:\/\/pentagon.ca\/fr\/services-dimpression\/\">Cartes-cadeaux, Cartes de fid\u00e9lit\u00e9, Cartes de membre, Cartes promotionnelles, Cartes Enviro, \u00e9cussons, Porte-cl\u00e9s, Cartes en rack, Emballages s\u00e9curis\u00e9s, Porte-cartes, Billets, R\u00e8gles, Tableaux, Menus, affichettes de portes, Donn\u00e9es variables, Codes-barres variables, Codes QR, Bandes magn\u00e9tiques et encodage, cartes \u00e0 gratter, Basculement, Collage, Pliage, Emballage individuel et en lots, D\u00e9coupe \u00e9paisse sans entailles, Exp\u00e9dition, Livraison rapide&#8230; Consultez tous nos produits et services.<\/a><\/p>\n\t\t\t\t\t\t\t\t<\/div>\n\t\t\t\t<\/div>\n\t\t\t\t\t<\/div>\n\t\t<\/div>\n\t\t\t\t\t<\/div>\n\t\t<\/section>\n\t\t\t\t<\/div>\n\t\t","protected":false},"excerpt":{"rendered":"<p>Votre source \u00e9cologiques de produits cartes-cadeaux et de fid\u00e9lisation de haute qualit\u00e9. OBTENIR UNE SOUMISSION D\u00e9couvrez comment Pentagon peut vous aider \u00e0 passer \u00e0 des cartes recyclables et durables \u00e0 base de papier ! Cartes-cadeaux Cartes de fid\u00e9lit\u00e9 Cartes de membre, badges et porte-cl\u00e9s Porte-cartes Autre &#8211; Papier Autre &#8211; Plastique Cartes-cadeaux, Cartes de fid\u00e9lit\u00e9, [&hellip;]<\/p>\n","protected":false},"author":1,"featured_media":0,"parent":0,"menu_order":0,"comment_status":"closed","ping_status":"closed","template":"","meta":{"footnotes":""},"class_list":["post-628","page","type-page","status-publish","hentry"],"_links":{"self":[{"href":"https:\/\/pentagon.ca\/fr\/wp-json\/wp\/v2\/pages\/628","targetHints":{"allow":["GET"]}}],"collection":[{"href":"https:\/\/pentagon.ca\/fr\/wp-json\/wp\/v2\/pages"}],"about":[{"href":"https:\/\/pentagon.ca\/fr\/wp-json\/wp\/v2\/types\/page"}],"author":[{"embeddable":true,"href":"https:\/\/pentagon.ca\/fr\/wp-json\/wp\/v2\/users\/1"}],"replies":[{"embeddable":true,"href":"https:\/\/pentagon.ca\/fr\/wp-json\/wp\/v2\/comments?post=628"}],"version-history":[{"count":0,"href":"https:\/\/pentagon.ca\/fr\/wp-json\/wp\/v2\/pages\/628\/revisions"}],"wp:attachment":[{"href":"https:\/\/pentagon.ca\/fr\/wp-json\/wp\/v2\/media?parent=628"}],"curies":[{"name":"wp","href":"https:\/\/api.w.org\/{rel}","templated":true}]}}